{"id":7964,"date":"2017-09-03T02:44:27","date_gmt":"2017-09-03T00:44:27","guid":{"rendered":"https:\/\/drum-conversation.com\/highlights\/"},"modified":"2021-09-13T22:08:17","modified_gmt":"2021-09-13T20:08:17","slug":"highlights","status":"publish","type":"page","link":"https:\/\/www.drum-conversation.com\/en\/highlights\/","title":{"rendered":"Highlights"},"content":{"rendered":"[vc_row type=&#8221;full_width_background&#8221; full_screen_row_position=&#8221;middle&#8221; bg_image=&#8221;7467&#8243; bg_position=&#8221;center center&#8221; bg_repeat=&#8221;no-repeat&#8221; parallax_bg=&#8221;true&#8221; parallax_bg_speed=&#8221;fast&#8221; scene_position=&#8221;center&#8221; text_color=&#8221;light&#8221; text_align=&#8221;left&#8221; top_padding=&#8221;13%&#8221; bottom_padding=&#8221;9%&#8221; enable_gradient=&#8221;true&#8221; color_overlay=&#8221;#ff2500&#8243; color_overlay_2=&#8221;#ff840a&#8221; gradient_direction=&#8221;left_t_to_right_b&#8221; overlay_strength=&#8221;0.8&#8243; shape_divider_position=&#8221;bottom&#8221; shape_type=&#8221;waves_opacity_alt&#8221;][vc_column column_padding=&#8221;no-extra-padding&#8221; column_padding_position=&#8221;all&#8221; background_color_opacity=&#8221;1&#8243; background_hover_color_opacity=&#8221;1&#8243; column_shadow=&#8221;none&#8221; column_border_radius=&#8221;none&#8221; width=&#8221;1\/1&#8243; tablet_text_alignment=&#8221;default&#8221; phone_text_alignment=&#8221;default&#8221; column_border_width=&#8221;none&#8221; column_border_style=&#8221;solid&#8221;][vc_column_text]\n<h2>News and Highlights<\/h2>\n[\/vc_column_text][\/vc_column][\/vc_row][vc_row type=&#8221;in_container&#8221; full_screen_row_position=&#8221;middle&#8221; scene_position=&#8221;center&#8221; text_color=&#8221;dark&#8221; text_align=&#8221;left&#8221; top_padding=&#8221;50&#8243; overlay_strength=&#8221;0.3&#8243; shape_divider_position=&#8221;bottom&#8221; shape_type=&#8221;&#8221;][vc_column column_padding=&#8221;no-extra-padding&#8221; column_padding_position=&#8221;all&#8221; background_color_opacity=&#8221;1&#8243; background_hover_color_opacity=&#8221;1&#8243; column_shadow=&#8221;none&#8221; column_border_radius=&#8221;none&#8221; width=&#8221;1\/1&#8243; tablet_text_alignment=&#8221;default&#8221; phone_text_alignment=&#8221;default&#8221; column_border_width=&#8221;none&#8221; column_border_style=&#8221;solid&#8221;][nectar_blog layout=&#8221;masonry-blog-fullwidth&#8221; blog_masonry_style=&#8221;material&#8221; category=&#8221;all&#8221; load_in_animation=&#8221;fade_in_from_bottom&#8221; order=&#8221;DESC&#8221; orderby=&#8221;date&#8221; posts_per_page=&#8221;80&#8243;][\/vc_column][\/vc_row]\n","protected":false},"excerpt":{"rendered":"<p>[vc_row type=&#8221;full_width_background&#8221; full_screen_row_position=&#8221;middle&#8221; bg_image=&#8221;7467&#8243; bg_position=&#8221;center center&#8221; bg_repeat=&#8221;no-repeat&#8221; parallax_bg=&#8221;true&#8221; parallax_bg_speed=&#8221;fast&#8221; scene_position=&#8221;center&#8221; text_color=&#8221;light&#8221; text_align=&#8221;left&#8221; top_padding=&#8221;13%&#8221; bottom_padding=&#8221;9%&#8221; enable_gradient=&#8221;true&#8221; color_overlay=&#8221;#ff2500&#8243; color_overlay_2=&#8221;#ff840a&#8221; gradient_direction=&#8221;left_t_to_right_b&#8221; overlay_strength=&#8221;0.8&#8243; shape_divider_position=&#8221;bottom&#8221; shape_type=&#8221;waves_opacity_alt&#8221;][vc_column column_padding=&#8221;no-extra-padding&#8221; column_padding_position=&#8221;all&#8221; background_color_opacity=&#8221;1&#8243; background_hover_color_opacity=&#8221;1&#8243;&#8230;<\/p>\n","protected":false},"author":1,"featured_media":0,"parent":0,"menu_order":0,"comment_status":"closed","ping_status":"closed","template":"","meta":{"_exactmetrics_skip_tracking":false,"_exactmetrics_sitenote_active":false,"_exactmetrics_sitenote_note":"","_exactmetrics_sitenote_category":0},"yoast_head":"<!-- This site is optimized with the Yoast SEO plugin v21.8 - https:\/\/yoast.com\/wordpress\/plugins\/seo\/ -->\n<title>Drum Conversation - Highlight f\u00fcr Ihre Veranstaltung<\/title>\n<meta name=\"description\" content=\"\u00dcber 17 Jahre Erfahrung mit Drumming Events und Musik als Teambuilding Ma\u00dfnahme. Mehr als eine halbe Million erreichte Teilnehmer weltweit garantieren Ihnen die hohe Qualit\u00e4t unserer Trommelevents, Tagungspausen und Teamworkshops. Hier zeigen wir einige Highlights und m\u00f6chten Sie inspirieren f\u00fcr Ihren geplanten Event.\" \/>\n<meta name=\"robots\" content=\"index, follow, max-snippet:-1, max-image-preview:large, max-video-preview:-1\" \/>\n<link rel=\"canonical\" href=\"https:\/\/www.drum-conversation.com\/en\/highlights\/\" \/>\n<meta property=\"og:locale\" content=\"en_US\" \/>\n<meta property=\"og:type\" content=\"article\" \/>\n<meta property=\"og:title\" content=\"Drum Conversation - Highlight f\u00fcr Ihre Veranstaltung\" \/>\n<meta property=\"og:description\" content=\"\u00dcber 17 Jahre Erfahrung mit Drumming Events und Musik als Teambuilding Ma\u00dfnahme. Mehr als eine halbe Million erreichte Teilnehmer weltweit garantieren Ihnen die hohe Qualit\u00e4t unserer Trommelevents, Tagungspausen und Teamworkshops. Hier zeigen wir einige Highlights und m\u00f6chten Sie inspirieren f\u00fcr Ihren geplanten Event.\" \/>\n<meta property=\"og:url\" content=\"https:\/\/www.drum-conversation.com\/en\/highlights\/\" \/>\n<meta property=\"og:site_name\" content=\"Drum Conversation\" \/>\n<meta property=\"article:publisher\" content=\"https:\/\/www.facebook.com\/DrumConversation\" \/>\n<meta property=\"article:modified_time\" content=\"2021-09-13T20:08:17+00:00\" \/>\n<meta name=\"twitter:card\" content=\"summary_large_image\" \/>\n<meta name=\"twitter:label1\" content=\"Est. reading time\" \/>\n\t<meta name=\"twitter:data1\" content=\"1 minute\" \/>\n<script type=\"application\/ld+json\" class=\"yoast-schema-graph\">{\"@context\":\"https:\/\/schema.org\",\"@graph\":[{\"@type\":\"WebPage\",\"@id\":\"https:\/\/www.drum-conversation.com\/en\/highlights\/\",\"url\":\"https:\/\/www.drum-conversation.com\/en\/highlights\/\",\"name\":\"Drum Conversation - Highlight f\u00fcr Ihre Veranstaltung\",\"isPartOf\":{\"@id\":\"https:\/\/www.drum-conversation.com\/en\/#website\"},\"datePublished\":\"2017-09-03T00:44:27+00:00\",\"dateModified\":\"2021-09-13T20:08:17+00:00\",\"description\":\"\u00dcber 17 Jahre Erfahrung mit Drumming Events und Musik als Teambuilding Ma\u00dfnahme. Mehr als eine halbe Million erreichte Teilnehmer weltweit garantieren Ihnen die hohe Qualit\u00e4t unserer Trommelevents, Tagungspausen und Teamworkshops. Hier zeigen wir einige Highlights und m\u00f6chten Sie inspirieren f\u00fcr Ihren geplanten Event.\",\"breadcrumb\":{\"@id\":\"https:\/\/www.drum-conversation.com\/en\/highlights\/#breadcrumb\"},\"inLanguage\":\"en-US\",\"potentialAction\":[{\"@type\":\"ReadAction\",\"target\":[\"https:\/\/www.drum-conversation.com\/en\/highlights\/\"]}]},{\"@type\":\"BreadcrumbList\",\"@id\":\"https:\/\/www.drum-conversation.com\/en\/highlights\/#breadcrumb\",\"itemListElement\":[{\"@type\":\"ListItem\",\"position\":1,\"name\":\"Startseite\",\"item\":\"https:\/\/www.drum-conversation.com\/en\/\"},{\"@type\":\"ListItem\",\"position\":2,\"name\":\"Highlights\"}]},{\"@type\":\"WebSite\",\"@id\":\"https:\/\/www.drum-conversation.com\/en\/#website\",\"url\":\"https:\/\/www.drum-conversation.com\/en\/\",\"name\":\"Drum Conversation\",\"description\":\"Interactive Drum Events und Drum Workshops\",\"publisher\":{\"@id\":\"https:\/\/www.drum-conversation.com\/en\/#organization\"},\"potentialAction\":[{\"@type\":\"SearchAction\",\"target\":{\"@type\":\"EntryPoint\",\"urlTemplate\":\"https:\/\/www.drum-conversation.com\/en\/?s={search_term_string}\"},\"query-input\":\"required name=search_term_string\"}],\"inLanguage\":\"en-US\"},{\"@type\":\"Organization\",\"@id\":\"https:\/\/www.drum-conversation.com\/en\/#organization\",\"name\":\"Drum Conversation\",\"url\":\"https:\/\/www.drum-conversation.com\/en\/\",\"logo\":{\"@type\":\"ImageObject\",\"inLanguage\":\"en-US\",\"@id\":\"https:\/\/www.drum-conversation.com\/en\/#\/schema\/logo\/image\/\",\"url\":\"https:\/\/www.drum-conversation.com\/wp-content\/uploads\/2018\/04\/dc_logo_marke.png\",\"contentUrl\":\"https:\/\/www.drum-conversation.com\/wp-content\/uploads\/2018\/04\/dc_logo_marke.png\",\"width\":392,\"height\":76,\"caption\":\"Drum Conversation\"},\"image\":{\"@id\":\"https:\/\/www.drum-conversation.com\/en\/#\/schema\/logo\/image\/\"},\"sameAs\":[\"https:\/\/www.facebook.com\/DrumConversation\",\"https:\/\/www.youtube.com\/channel\/UCYSB2vxE1OAA3vzSRTIdvVA\"],\"aggregateRating\":{\"@type\":\"AggregateRating\",\"ratingValue\":\"5\",\"reviewCount\":\"43\"}}]}<\/script>\n<!-- \/ Yoast SEO plugin. -->","yoast_head_json":{"title":"Drum Conversation - Highlight f\u00fcr Ihre Veranstaltung","description":"\u00dcber 17 Jahre Erfahrung mit Drumming Events und Musik als Teambuilding Ma\u00dfnahme. Mehr als eine halbe Million erreichte Teilnehmer weltweit garantieren Ihnen die hohe Qualit\u00e4t unserer Trommelevents, Tagungspausen und Teamworkshops. Hier zeigen wir einige Highlights und m\u00f6chten Sie inspirieren f\u00fcr Ihren geplanten Event.","robots":{"index":"index","follow":"follow","max-snippet":"max-snippet:-1","max-image-preview":"max-image-preview:large","max-video-preview":"max-video-preview:-1"},"canonical":"https:\/\/www.drum-conversation.com\/en\/highlights\/","og_locale":"en_US","og_type":"article","og_title":"Drum Conversation - Highlight f\u00fcr Ihre Veranstaltung","og_description":"\u00dcber 17 Jahre Erfahrung mit Drumming Events und Musik als Teambuilding Ma\u00dfnahme. Mehr als eine halbe Million erreichte Teilnehmer weltweit garantieren Ihnen die hohe Qualit\u00e4t unserer Trommelevents, Tagungspausen und Teamworkshops. Hier zeigen wir einige Highlights und m\u00f6chten Sie inspirieren f\u00fcr Ihren geplanten Event.","og_url":"https:\/\/www.drum-conversation.com\/en\/highlights\/","og_site_name":"Drum Conversation","article_publisher":"https:\/\/www.facebook.com\/DrumConversation","article_modified_time":"2021-09-13T20:08:17+00:00","twitter_card":"summary_large_image","twitter_misc":{"Est. reading time":"1 minute"},"schema":{"@context":"https:\/\/schema.org","@graph":[{"@type":"WebPage","@id":"https:\/\/www.drum-conversation.com\/en\/highlights\/","url":"https:\/\/www.drum-conversation.com\/en\/highlights\/","name":"Drum Conversation - Highlight f\u00fcr Ihre Veranstaltung","isPartOf":{"@id":"https:\/\/www.drum-conversation.com\/en\/#website"},"datePublished":"2017-09-03T00:44:27+00:00","dateModified":"2021-09-13T20:08:17+00:00","description":"\u00dcber 17 Jahre Erfahrung mit Drumming Events und Musik als Teambuilding Ma\u00dfnahme. Mehr als eine halbe Million erreichte Teilnehmer weltweit garantieren Ihnen die hohe Qualit\u00e4t unserer Trommelevents, Tagungspausen und Teamworkshops. Hier zeigen wir einige Highlights und m\u00f6chten Sie inspirieren f\u00fcr Ihren geplanten Event.","breadcrumb":{"@id":"https:\/\/www.drum-conversation.com\/en\/highlights\/#breadcrumb"},"inLanguage":"en-US","potentialAction":[{"@type":"ReadAction","target":["https:\/\/www.drum-conversation.com\/en\/highlights\/"]}]},{"@type":"BreadcrumbList","@id":"https:\/\/www.drum-conversation.com\/en\/highlights\/#breadcrumb","itemListElement":[{"@type":"ListItem","position":1,"name":"Startseite","item":"https:\/\/www.drum-conversation.com\/en\/"},{"@type":"ListItem","position":2,"name":"Highlights"}]},{"@type":"WebSite","@id":"https:\/\/www.drum-conversation.com\/en\/#website","url":"https:\/\/www.drum-conversation.com\/en\/","name":"Drum Conversation","description":"Interactive Drum Events und Drum Workshops","publisher":{"@id":"https:\/\/www.drum-conversation.com\/en\/#organization"},"potentialAction":[{"@type":"SearchAction","target":{"@type":"EntryPoint","urlTemplate":"https:\/\/www.drum-conversation.com\/en\/?s={search_term_string}"},"query-input":"required name=search_term_string"}],"inLanguage":"en-US"},{"@type":"Organization","@id":"https:\/\/www.drum-conversation.com\/en\/#organization","name":"Drum Conversation","url":"https:\/\/www.drum-conversation.com\/en\/","logo":{"@type":"ImageObject","inLanguage":"en-US","@id":"https:\/\/www.drum-conversation.com\/en\/#\/schema\/logo\/image\/","url":"https:\/\/www.drum-conversation.com\/wp-content\/uploads\/2018\/04\/dc_logo_marke.png","contentUrl":"https:\/\/www.drum-conversation.com\/wp-content\/uploads\/2018\/04\/dc_logo_marke.png","width":392,"height":76,"caption":"Drum Conversation"},"image":{"@id":"https:\/\/www.drum-conversation.com\/en\/#\/schema\/logo\/image\/"},"sameAs":["https:\/\/www.facebook.com\/DrumConversation","https:\/\/www.youtube.com\/channel\/UCYSB2vxE1OAA3vzSRTIdvVA"],"aggregateRating":{"@type":"AggregateRating","ratingValue":"5","reviewCount":"43"}}]}},"_links":{"self":[{"href":"https:\/\/www.drum-conversation.com\/en\/wp-json\/wp\/v2\/pages\/7964"}],"collection":[{"href":"https:\/\/www.drum-conversation.com\/en\/wp-json\/wp\/v2\/pages"}],"about":[{"href":"https:\/\/www.drum-conversation.com\/en\/wp-json\/wp\/v2\/types\/page"}],"author":[{"embeddable":true,"href":"https:\/\/www.drum-conversation.com\/en\/wp-json\/wp\/v2\/users\/1"}],"replies":[{"embeddable":true,"href":"https:\/\/www.drum-conversation.com\/en\/wp-json\/wp\/v2\/comments?post=7964"}],"version-history":[{"count":1,"href":"https:\/\/www.drum-conversation.com\/en\/wp-json\/wp\/v2\/pages\/7964\/revisions"}],"predecessor-version":[{"id":7966,"href":"https:\/\/www.drum-conversation.com\/en\/wp-json\/wp\/v2\/pages\/7964\/revisions\/7966"}],"wp:attachment":[{"href":"https:\/\/www.drum-conversation.com\/en\/wp-json\/wp\/v2\/media?parent=7964"}],"curies":[{"name":"wp","href":"https:\/\/api.w.org\/{rel}","templated":true}]}}