{"id":7971,"date":"2018-03-15T12:55:11","date_gmt":"2018-03-15T11:55:11","guid":{"rendered":"https:\/\/drum-conversation.com\/fragen\/"},"modified":"2025-09-09T21:29:26","modified_gmt":"2025-09-09T19:29:26","slug":"questions","status":"publish","type":"page","link":"https:\/\/www.drum-conversation.com\/en\/questions\/","title":{"rendered":"Questions"},"content":{"rendered":"[vc_row type=&#8221;in_container&#8221; full_screen_row_position=&#8221;middle&#8221; column_margin=&#8221;default&#8221; column_direction=&#8221;default&#8221; column_direction_tablet=&#8221;default&#8221; column_direction_phone=&#8221;default&#8221; scene_position=&#8221;center&#8221; text_color=&#8221;dark&#8221; text_align=&#8221;left&#8221; row_border_radius=&#8221;none&#8221; row_border_radius_applies=&#8221;bg&#8221; overflow=&#8221;visible&#8221; overlay_strength=&#8221;0.3&#8243; gradient_direction=&#8221;left_to_right&#8221; shape_divider_position=&#8221;bottom&#8221; bg_image_animation=&#8221;none&#8221;][vc_column column_padding=&#8221;no-extra-padding&#8221; column_padding_tablet=&#8221;inherit&#8221; column_padding_phone=&#8221;inherit&#8221; column_padding_position=&#8221;all&#8221; column_element_spacing=&#8221;default&#8221; background_color_opacity=&#8221;1&#8243; background_hover_color_opacity=&#8221;1&#8243; column_shadow=&#8221;none&#8221; column_border_radius=&#8221;none&#8221; column_link_target=&#8221;_self&#8221; column_position=&#8221;default&#8221; gradient_direction=&#8221;left_to_right&#8221; overlay_strength=&#8221;0.3&#8243; width=&#8221;1\/2&#8243; tablet_width_inherit=&#8221;default&#8221; tablet_text_alignment=&#8221;default&#8221; phone_text_alignment=&#8221;default&#8221; animation_type=&#8221;default&#8221; bg_image_animation=&#8221;none&#8221; border_type=&#8221;simple&#8221; column_border_width=&#8221;none&#8221; column_border_style=&#8221;solid&#8221;][vc_column_text]\n<h1>Fragen<\/h1>\n[\/vc_column_text][\/vc_column][vc_column column_padding=&#8221;no-extra-padding&#8221; column_padding_tablet=&#8221;inherit&#8221; column_padding_phone=&#8221;inherit&#8221; column_padding_position=&#8221;all&#8221; column_element_spacing=&#8221;default&#8221; background_color_opacity=&#8221;1&#8243; background_hover_color_opacity=&#8221;1&#8243; column_shadow=&#8221;none&#8221; column_border_radius=&#8221;none&#8221; column_link_target=&#8221;_self&#8221; column_position=&#8221;default&#8221; gradient_direction=&#8221;left_to_right&#8221; overlay_strength=&#8221;0.3&#8243; width=&#8221;1\/2&#8243; tablet_width_inherit=&#8221;default&#8221; tablet_text_alignment=&#8221;default&#8221; phone_text_alignment=&#8221;default&#8221; animation_type=&#8221;default&#8221; bg_image_animation=&#8221;none&#8221; border_type=&#8221;simple&#8221; column_border_width=&#8221;none&#8221; column_border_style=&#8221;solid&#8221;][\/vc_column][\/vc_row][vc_row type=&#8221;in_container&#8221; full_screen_row_position=&#8221;middle&#8221; column_margin=&#8221;default&#8221; column_direction=&#8221;default&#8221; column_direction_tablet=&#8221;default&#8221; column_direction_phone=&#8221;default&#8221; scene_position=&#8221;center&#8221; bottom_padding=&#8221;50&#8243; text_color=&#8221;dark&#8221; text_align=&#8221;left&#8221; row_border_radius=&#8221;none&#8221; row_border_radius_applies=&#8221;bg&#8221; overflow=&#8221;visible&#8221; overlay_strength=&#8221;0.3&#8243; gradient_direction=&#8221;left_to_right&#8221; shape_divider_position=&#8221;bottom&#8221; bg_image_animation=&#8221;none&#8221; shape_type=&#8221;&#8221;][vc_column column_padding=&#8221;no-extra-padding&#8221; column_padding_tablet=&#8221;inherit&#8221; column_padding_phone=&#8221;inherit&#8221; column_padding_position=&#8221;all&#8221; column_element_spacing=&#8221;default&#8221; background_color_opacity=&#8221;1&#8243; background_hover_color_opacity=&#8221;1&#8243; column_shadow=&#8221;none&#8221; column_border_radius=&#8221;none&#8221; column_link_target=&#8221;_self&#8221; column_position=&#8221;default&#8221; gradient_direction=&#8221;left_to_right&#8221; overlay_strength=&#8221;0.3&#8243; width=&#8221;1\/2&#8243; tablet_width_inherit=&#8221;default&#8221; tablet_text_alignment=&#8221;default&#8221; phone_text_alignment=&#8221;default&#8221; animation_type=&#8221;default&#8221; bg_image_animation=&#8221;none&#8221; border_type=&#8221;simple&#8221; column_border_width=&#8221;none&#8221; column_border_style=&#8221;solid&#8221;][vc_column_text]Here, you\u2019ll find a list of frequently asked questions, and their answers:[\/vc_column_text][\/vc_column][vc_column column_padding=&#8221;no-extra-padding&#8221; column_padding_tablet=&#8221;inherit&#8221; column_padding_phone=&#8221;inherit&#8221; column_padding_position=&#8221;all&#8221; column_element_spacing=&#8221;default&#8221; background_color_opacity=&#8221;1&#8243; background_hover_color_opacity=&#8221;1&#8243; column_shadow=&#8221;none&#8221; column_border_radius=&#8221;none&#8221; column_link_target=&#8221;_self&#8221; column_position=&#8221;default&#8221; gradient_direction=&#8221;left_to_right&#8221; overlay_strength=&#8221;0.3&#8243; width=&#8221;1\/2&#8243; tablet_width_inherit=&#8221;default&#8221; tablet_text_alignment=&#8221;default&#8221; phone_text_alignment=&#8221;default&#8221; animation_type=&#8221;default&#8221; bg_image_animation=&#8221;none&#8221; border_type=&#8221;simple&#8221; column_border_width=&#8221;none&#8221; column_border_style=&#8221;solid&#8221;][image_with_animation image_url=&#8221;8449&#8243; image_size=&#8221;full&#8221; animation_type=&#8221;entrance&#8221; animation=&#8221;Fade In&#8221; hover_animation=&#8221;none&#8221; alignment=&#8221;&#8221; border_radius=&#8221;none&#8221; box_shadow=&#8221;none&#8221; image_loading=&#8221;default&#8221; max_width=&#8221;100%&#8221; max_width_mobile=&#8221;default&#8221;][\/vc_column][\/vc_row][vc_row type=&#8221;in_container&#8221; full_screen_row_position=&#8221;middle&#8221; column_margin=&#8221;default&#8221; column_direction=&#8221;default&#8221; column_direction_tablet=&#8221;default&#8221; column_direction_phone=&#8221;default&#8221; scene_position=&#8221;center&#8221; bottom_padding=&#8221;100&#8243; text_color=&#8221;dark&#8221; text_align=&#8221;left&#8221; row_border_radius=&#8221;none&#8221; row_border_radius_applies=&#8221;bg&#8221; overflow=&#8221;visible&#8221; overlay_strength=&#8221;0.3&#8243; gradient_direction=&#8221;left_to_right&#8221; shape_divider_position=&#8221;bottom&#8221; bg_image_animation=&#8221;none&#8221; shape_type=&#8221;&#8221;][vc_column column_padding=&#8221;no-extra-padding&#8221; column_padding_tablet=&#8221;inherit&#8221; column_padding_phone=&#8221;inherit&#8221; column_padding_position=&#8221;all&#8221; column_element_spacing=&#8221;default&#8221; background_color_opacity=&#8221;1&#8243; background_hover_color_opacity=&#8221;1&#8243; column_shadow=&#8221;none&#8221; column_border_radius=&#8221;none&#8221; column_link_target=&#8221;_self&#8221; column_position=&#8221;default&#8221; gradient_direction=&#8221;left_to_right&#8221; overlay_strength=&#8221;0.3&#8243; width=&#8221;5\/6&#8243; tablet_width_inherit=&#8221;default&#8221; tablet_text_alignment=&#8221;default&#8221; phone_text_alignment=&#8221;default&#8221; animation_type=&#8221;default&#8221; bg_image_animation=&#8221;none&#8221; border_type=&#8221;simple&#8221; column_border_width=&#8221;none&#8221; column_border_style=&#8221;solid&#8221;][toggles style=&#8221;minimal&#8221;][toggle color=&#8221;Default&#8221; heading_tag=&#8221;default&#8221; title=&#8221;Does really everyone take part and isn\u2019t it very chaotic?&#8221;][vc_column_text]That\u2019s the first question everyone asks! But even after over 2,000 drum events, realised with a team of true professionals, we don\u2019t mind a bit of initial scepticism. In fact, this is part of our\u00ad concept. It helps to increase the feeling of success and jubilation of all participants when the event comes off as planned. For further details on our planning and performance, our event variations and how to successfully integrate DRUM CONVERSATION into your event, simply visit our website subsection entitled IDEA.[\/vc_column_text][\/toggle][toggle color=&#8221;Default&#8221; heading_tag=&#8221;default&#8221; title=&#8221;What are the technical requirements and how large does the stage have to be?&#8221;][vc_column_text]Technical requirements and stage size obviously depend on the size of the event and the number of persons taking part. We are happy to answer any \u00adand all questions personally. Just give us a call. Either way, we will make sure that your event receives optimum support and best-possible sound.[\/vc_column_text][\/toggle][toggle color=&#8221;Default&#8221; heading_tag=&#8221;default&#8221; title=&#8221;How are the drums transported and who distributes them at the event?&#8221;][vc_column_text]We have transported over 10,000 drums around the world by truck, boat and plane. Having arrived at their destination, the instruments are taken to the event venue in special carts, where they are then distributed quickly and easily. Pending on the type of event and the number of participants, it may be advisable to place the drums on the participants\u2019 chairs prior to the start of the event. Experience has shown that, at gala functions, the on-site service staff is able to distribute the drums while our team starts event proceedings, attracting the attention of all participants as they receive their drums.[\/vc_column_text][\/toggle][toggle color=&#8221;Default&#8221; heading_tag=&#8221;default&#8221; title=&#8221;Where are Drum Conversation events generally held?&#8221;][vc_column_text]Drum Conversation events are held all over the world. We will bring all required musical equipment directly to the event venue, regardless of its location. Here in Frankfurt am Main, we dispose over a number of very suitable seminar rooms, readily available for event hire. We are happy to provide you with an individual quotation.[\/vc_column_text][\/toggle][toggle color=&#8221;Default&#8221; heading_tag=&#8221;default&#8221; title=&#8221;Do you use only drums or other instruments as well?&#8221;][vc_column_text]The drum is not only the world\u2019s oldest instrument of communication, it has also served for thousands of years as a method of bringing people together and helping them to share in a communal experience. We like drums because they are unbeatable in their diversity. There are diverse impact techniques and hundreds of different rhythms, which may be applied polyphonically and as effectively required. For large-scale functions and sporting events, or when logistical issues arise, we have the option of falling back on a number of alternatives (e.g. boomwhackers etc.). Together, we\u2019ll develop a suitable concept for your event. And don\u2019t worry, we definitely like a challenge![\/vc_column_text][\/toggle][\/toggles][\/vc_column][vc_column column_padding=&#8221;no-extra-padding&#8221; column_padding_tablet=&#8221;inherit&#8221; column_padding_phone=&#8221;inherit&#8221; column_padding_position=&#8221;all&#8221; column_element_spacing=&#8221;default&#8221; background_color_opacity=&#8221;1&#8243; background_hover_color_opacity=&#8221;1&#8243; column_shadow=&#8221;none&#8221; column_border_radius=&#8221;none&#8221; column_link_target=&#8221;_self&#8221; column_position=&#8221;default&#8221; gradient_direction=&#8221;left_to_right&#8221; overlay_strength=&#8221;0.3&#8243; width=&#8221;1\/6&#8243; tablet_width_inherit=&#8221;default&#8221; tablet_text_alignment=&#8221;default&#8221; phone_text_alignment=&#8221;default&#8221; animation_type=&#8221;default&#8221; bg_image_animation=&#8221;none&#8221; border_type=&#8221;simple&#8221; column_border_width=&#8221;none&#8221; column_border_style=&#8221;solid&#8221;][\/vc_column][\/vc_row]\n","protected":false},"excerpt":{"rendered":"<p>[vc_row type=&#8221;in_container&#8221; full_screen_row_position=&#8221;middle&#8221; column_margin=&#8221;default&#8221; column_direction=&#8221;default&#8221; column_direction_tablet=&#8221;default&#8221; column_direction_phone=&#8221;default&#8221; scene_position=&#8221;center&#8221; text_color=&#8221;dark&#8221; text_align=&#8221;left&#8221; row_border_radius=&#8221;none&#8221; row_border_radius_applies=&#8221;bg&#8221; overflow=&#8221;visible&#8221; overlay_strength=&#8221;0.3&#8243; gradient_direction=&#8221;left_to_right&#8221; shape_divider_position=&#8221;bottom&#8221; bg_image_animation=&#8221;none&#8221;][vc_column column_padding=&#8221;no-extra-padding&#8221; column_padding_tablet=&#8221;inherit&#8221; column_padding_phone=&#8221;inherit&#8221; column_padding_position=&#8221;all&#8221; column_element_spacing=&#8221;default&#8221; background_color_opacity=&#8221;1&#8243; background_hover_color_opacity=&#8221;1&#8243; column_shadow=&#8221;none&#8221;&#8230;<\/p>\n","protected":false},"author":1,"featured_media":0,"parent":0,"menu_order":0,"comment_status":"closed","ping_status":"closed","template":"","meta":{"_exactmetrics_skip_tracking":false,"_exactmetrics_sitenote_active":false,"_exactmetrics_sitenote_note":"","_exactmetrics_sitenote_category":0},"yoast_head":"<!-- This site is optimized with the Yoast SEO plugin v21.8 - https:\/\/yoast.com\/wordpress\/plugins\/seo\/ -->\n<title>Drum Conversation - Fragen zu Drumming Events, Teambuilding mit Musik<\/title>\n<meta name=\"description\" content=\"Welche Technik wird f\u00fcr unsere Teamdrumming Events, Rahmenprogramme mit Musik und interaktiven Trommelevents ben\u00f6tigt? Braucht es eine B\u00fchne? Kann man Drum Conversation auch im Ausland buchen? Die Antworten auf all diese und weitere Fragen erhalten Sie hier...\" \/>\n<meta name=\"robots\" content=\"index, follow, max-snippet:-1, max-image-preview:large, max-video-preview:-1\" \/>\n<link rel=\"canonical\" href=\"https:\/\/www.drum-conversation.com\/en\/questions\/\" \/>\n<meta property=\"og:locale\" content=\"en_US\" \/>\n<meta property=\"og:type\" content=\"article\" \/>\n<meta property=\"og:title\" content=\"Drum Conversation - Fragen zu Drumming Events, Teambuilding mit Musik\" \/>\n<meta property=\"og:description\" content=\"Welche Technik wird f\u00fcr unsere Teamdrumming Events, Rahmenprogramme mit Musik und interaktiven Trommelevents ben\u00f6tigt? Braucht es eine B\u00fchne? Kann man Drum Conversation auch im Ausland buchen? Die Antworten auf all diese und weitere Fragen erhalten Sie hier...\" \/>\n<meta property=\"og:url\" content=\"https:\/\/www.drum-conversation.com\/en\/questions\/\" \/>\n<meta property=\"og:site_name\" content=\"Drum Conversation\" \/>\n<meta property=\"article:publisher\" content=\"https:\/\/www.facebook.com\/DrumConversation\" \/>\n<meta property=\"article:modified_time\" content=\"2025-09-09T19:29:26+00:00\" \/>\n<meta name=\"twitter:card\" content=\"summary_large_image\" \/>\n<meta name=\"twitter:label1\" content=\"Est. reading time\" \/>\n\t<meta name=\"twitter:data1\" content=\"4 minutes\" \/>\n<script type=\"application\/ld+json\" class=\"yoast-schema-graph\">{\"@context\":\"https:\/\/schema.org\",\"@graph\":[{\"@type\":\"WebPage\",\"@id\":\"https:\/\/www.drum-conversation.com\/en\/questions\/\",\"url\":\"https:\/\/www.drum-conversation.com\/en\/questions\/\",\"name\":\"Drum Conversation - Fragen zu Drumming Events, Teambuilding mit Musik\",\"isPartOf\":{\"@id\":\"https:\/\/www.drum-conversation.com\/en\/#website\"},\"datePublished\":\"2018-03-15T11:55:11+00:00\",\"dateModified\":\"2025-09-09T19:29:26+00:00\",\"description\":\"Welche Technik wird f\u00fcr unsere Teamdrumming Events, Rahmenprogramme mit Musik und interaktiven Trommelevents ben\u00f6tigt? Braucht es eine B\u00fchne? Kann man Drum Conversation auch im Ausland buchen? Die Antworten auf all diese und weitere Fragen erhalten Sie hier...\",\"breadcrumb\":{\"@id\":\"https:\/\/www.drum-conversation.com\/en\/questions\/#breadcrumb\"},\"inLanguage\":\"en-US\",\"potentialAction\":[{\"@type\":\"ReadAction\",\"target\":[\"https:\/\/www.drum-conversation.com\/en\/questions\/\"]}]},{\"@type\":\"BreadcrumbList\",\"@id\":\"https:\/\/www.drum-conversation.com\/en\/questions\/#breadcrumb\",\"itemListElement\":[{\"@type\":\"ListItem\",\"position\":1,\"name\":\"Startseite\",\"item\":\"https:\/\/www.drum-conversation.com\/en\/\"},{\"@type\":\"ListItem\",\"position\":2,\"name\":\"Questions\"}]},{\"@type\":\"WebSite\",\"@id\":\"https:\/\/www.drum-conversation.com\/en\/#website\",\"url\":\"https:\/\/www.drum-conversation.com\/en\/\",\"name\":\"Drum Conversation\",\"description\":\"Interactive Drum Events und Drum Workshops\",\"publisher\":{\"@id\":\"https:\/\/www.drum-conversation.com\/en\/#organization\"},\"potentialAction\":[{\"@type\":\"SearchAction\",\"target\":{\"@type\":\"EntryPoint\",\"urlTemplate\":\"https:\/\/www.drum-conversation.com\/en\/?s={search_term_string}\"},\"query-input\":\"required name=search_term_string\"}],\"inLanguage\":\"en-US\"},{\"@type\":\"Organization\",\"@id\":\"https:\/\/www.drum-conversation.com\/en\/#organization\",\"name\":\"Drum Conversation\",\"url\":\"https:\/\/www.drum-conversation.com\/en\/\",\"logo\":{\"@type\":\"ImageObject\",\"inLanguage\":\"en-US\",\"@id\":\"https:\/\/www.drum-conversation.com\/en\/#\/schema\/logo\/image\/\",\"url\":\"https:\/\/www.drum-conversation.com\/wp-content\/uploads\/2018\/04\/dc_logo_marke.png\",\"contentUrl\":\"https:\/\/www.drum-conversation.com\/wp-content\/uploads\/2018\/04\/dc_logo_marke.png\",\"width\":392,\"height\":76,\"caption\":\"Drum Conversation\"},\"image\":{\"@id\":\"https:\/\/www.drum-conversation.com\/en\/#\/schema\/logo\/image\/\"},\"sameAs\":[\"https:\/\/www.facebook.com\/DrumConversation\",\"https:\/\/www.youtube.com\/channel\/UCYSB2vxE1OAA3vzSRTIdvVA\"],\"aggregateRating\":{\"@type\":\"AggregateRating\",\"ratingValue\":\"5\",\"reviewCount\":\"43\"}}]}<\/script>\n<!-- \/ Yoast SEO plugin. -->","yoast_head_json":{"title":"Drum Conversation - Fragen zu Drumming Events, Teambuilding mit Musik","description":"Welche Technik wird f\u00fcr unsere Teamdrumming Events, Rahmenprogramme mit Musik und interaktiven Trommelevents ben\u00f6tigt? Braucht es eine B\u00fchne? Kann man Drum Conversation auch im Ausland buchen? Die Antworten auf all diese und weitere Fragen erhalten Sie hier...","robots":{"index":"index","follow":"follow","max-snippet":"max-snippet:-1","max-image-preview":"max-image-preview:large","max-video-preview":"max-video-preview:-1"},"canonical":"https:\/\/www.drum-conversation.com\/en\/questions\/","og_locale":"en_US","og_type":"article","og_title":"Drum Conversation - Fragen zu Drumming Events, Teambuilding mit Musik","og_description":"Welche Technik wird f\u00fcr unsere Teamdrumming Events, Rahmenprogramme mit Musik und interaktiven Trommelevents ben\u00f6tigt? Braucht es eine B\u00fchne? Kann man Drum Conversation auch im Ausland buchen? Die Antworten auf all diese und weitere Fragen erhalten Sie hier...","og_url":"https:\/\/www.drum-conversation.com\/en\/questions\/","og_site_name":"Drum Conversation","article_publisher":"https:\/\/www.facebook.com\/DrumConversation","article_modified_time":"2025-09-09T19:29:26+00:00","twitter_card":"summary_large_image","twitter_misc":{"Est. reading time":"4 minutes"},"schema":{"@context":"https:\/\/schema.org","@graph":[{"@type":"WebPage","@id":"https:\/\/www.drum-conversation.com\/en\/questions\/","url":"https:\/\/www.drum-conversation.com\/en\/questions\/","name":"Drum Conversation - Fragen zu Drumming Events, Teambuilding mit Musik","isPartOf":{"@id":"https:\/\/www.drum-conversation.com\/en\/#website"},"datePublished":"2018-03-15T11:55:11+00:00","dateModified":"2025-09-09T19:29:26+00:00","description":"Welche Technik wird f\u00fcr unsere Teamdrumming Events, Rahmenprogramme mit Musik und interaktiven Trommelevents ben\u00f6tigt? Braucht es eine B\u00fchne? Kann man Drum Conversation auch im Ausland buchen? Die Antworten auf all diese und weitere Fragen erhalten Sie hier...","breadcrumb":{"@id":"https:\/\/www.drum-conversation.com\/en\/questions\/#breadcrumb"},"inLanguage":"en-US","potentialAction":[{"@type":"ReadAction","target":["https:\/\/www.drum-conversation.com\/en\/questions\/"]}]},{"@type":"BreadcrumbList","@id":"https:\/\/www.drum-conversation.com\/en\/questions\/#breadcrumb","itemListElement":[{"@type":"ListItem","position":1,"name":"Startseite","item":"https:\/\/www.drum-conversation.com\/en\/"},{"@type":"ListItem","position":2,"name":"Questions"}]},{"@type":"WebSite","@id":"https:\/\/www.drum-conversation.com\/en\/#website","url":"https:\/\/www.drum-conversation.com\/en\/","name":"Drum Conversation","description":"Interactive Drum Events und Drum Workshops","publisher":{"@id":"https:\/\/www.drum-conversation.com\/en\/#organization"},"potentialAction":[{"@type":"SearchAction","target":{"@type":"EntryPoint","urlTemplate":"https:\/\/www.drum-conversation.com\/en\/?s={search_term_string}"},"query-input":"required name=search_term_string"}],"inLanguage":"en-US"},{"@type":"Organization","@id":"https:\/\/www.drum-conversation.com\/en\/#organization","name":"Drum Conversation","url":"https:\/\/www.drum-conversation.com\/en\/","logo":{"@type":"ImageObject","inLanguage":"en-US","@id":"https:\/\/www.drum-conversation.com\/en\/#\/schema\/logo\/image\/","url":"https:\/\/www.drum-conversation.com\/wp-content\/uploads\/2018\/04\/dc_logo_marke.png","contentUrl":"https:\/\/www.drum-conversation.com\/wp-content\/uploads\/2018\/04\/dc_logo_marke.png","width":392,"height":76,"caption":"Drum Conversation"},"image":{"@id":"https:\/\/www.drum-conversation.com\/en\/#\/schema\/logo\/image\/"},"sameAs":["https:\/\/www.facebook.com\/DrumConversation","https:\/\/www.youtube.com\/channel\/UCYSB2vxE1OAA3vzSRTIdvVA"],"aggregateRating":{"@type":"AggregateRating","ratingValue":"5","reviewCount":"43"}}]}},"_links":{"self":[{"href":"https:\/\/www.drum-conversation.com\/en\/wp-json\/wp\/v2\/pages\/7971"}],"collection":[{"href":"https:\/\/www.drum-conversation.com\/en\/wp-json\/wp\/v2\/pages"}],"about":[{"href":"https:\/\/www.drum-conversation.com\/en\/wp-json\/wp\/v2\/types\/page"}],"author":[{"embeddable":true,"href":"https:\/\/www.drum-conversation.com\/en\/wp-json\/wp\/v2\/users\/1"}],"replies":[{"embeddable":true,"href":"https:\/\/www.drum-conversation.com\/en\/wp-json\/wp\/v2\/comments?post=7971"}],"version-history":[{"count":3,"href":"https:\/\/www.drum-conversation.com\/en\/wp-json\/wp\/v2\/pages\/7971\/revisions"}],"predecessor-version":[{"id":8453,"href":"https:\/\/www.drum-conversation.com\/en\/wp-json\/wp\/v2\/pages\/7971\/revisions\/8453"}],"wp:attachment":[{"href":"https:\/\/www.drum-conversation.com\/en\/wp-json\/wp\/v2\/media?parent=7971"}],"curies":[{"name":"wp","href":"https:\/\/api.w.org\/{rel}","templated":true}]}}