{"id":8019,"date":"2018-02-21T15:54:00","date_gmt":"2018-02-21T14:54:00","guid":{"rendered":"https:\/\/drum-conversation.com\/impressum\/"},"modified":"2018-11-27T16:01:55","modified_gmt":"2018-11-27T15:01:55","slug":"imprint","status":"publish","type":"page","link":"https:\/\/www.drum-conversation.com\/en\/imprint\/","title":{"rendered":"Imprint"},"content":{"rendered":"[vc_row type=&#8221;full_width_background&#8221; full_screen_row_position=&#8221;middle&#8221; bg_image=&#8221;6561&#8243; bg_position=&#8221;center center&#8221; bg_repeat=&#8221;no-repeat&#8221; parallax_bg=&#8221;true&#8221; parallax_bg_speed=&#8221;fast&#8221; scene_position=&#8221;center&#8221; text_color=&#8221;light&#8221; text_align=&#8221;left&#8221; top_padding=&#8221;13%&#8221; bottom_padding=&#8221;9%&#8221; overlay_strength=&#8221;0.3&#8243; shape_divider_position=&#8221;bottom&#8221; shape_type=&#8221;&#8221;][vc_column column_padding=&#8221;no-extra-padding&#8221; column_padding_position=&#8221;all&#8221; background_color_opacity=&#8221;1&#8243; background_hover_color_opacity=&#8221;1&#8243; column_shadow=&#8221;none&#8221; column_border_radius=&#8221;none&#8221; width=&#8221;1\/1&#8243; tablet_text_alignment=&#8221;default&#8221; phone_text_alignment=&#8221;default&#8221; column_border_width=&#8221;none&#8221; column_border_style=&#8221;solid&#8221;][vc_column_text]\n<h2>Imprint<\/h2>\n[\/vc_column_text][\/vc_column][\/vc_row][vc_row type=&#8221;in_container&#8221; full_screen_row_position=&#8221;middle&#8221; scene_position=&#8221;center&#8221; text_color=&#8221;dark&#8221; text_align=&#8221;left&#8221; top_padding=&#8221;70&#8243; bottom_padding=&#8221;30&#8243; overlay_strength=&#8221;0.3&#8243; shape_divider_position=&#8221;bottom&#8221; shape_type=&#8221;&#8221;][vc_column column_padding=&#8221;no-extra-padding&#8221; column_padding_position=&#8221;all&#8221; background_color_opacity=&#8221;1&#8243; background_hover_color_opacity=&#8221;1&#8243; column_shadow=&#8221;none&#8221; column_border_radius=&#8221;none&#8221; width=&#8221;1\/2&#8243; tablet_text_alignment=&#8221;default&#8221; phone_text_alignment=&#8221;default&#8221; column_border_width=&#8221;none&#8221; column_border_style=&#8221;solid&#8221;][vc_column_text]<strong>Responsible for the content of this website<\/strong><br \/>\nUwe Lennard Grohn, CEO<\/p>\n<p><strong>Drum Conversation GbR<\/strong><br \/>\nOffice: M\u00e4rker Stra\u00dfe 7, D-60437 Frankfurt<br \/>\nPost: Postfach 56 02 45, D-60437 Frankfurt<\/p>\n<p>Tel. +49 (0) 61 01 \/ 55 82 60<br \/>\nFax +49 (0) 61 01 \/ 55 82 61<\/p>\n<p><a href=\"mailto:info@drum-conversation.com\">info@drum-conversation.com<br \/>\n<\/a><\/p>\n<p>Ust-ID-Nr.: DE 814301774[\/vc_column_text][vc_column_text]<strong>Conception and Design<\/strong><br \/>\nNicolai Tilov \u2014 Visual Communication<br \/>\n<a href=\"http:\/\/www.tilov.com\" target=\"_blank\" rel=\"noopener noreferrer\">tilov.com<\/a>[\/vc_column_text][\/vc_column][vc_column column_padding=&#8221;no-extra-padding&#8221; column_padding_position=&#8221;all&#8221; background_color_opacity=&#8221;1&#8243; background_hover_color_opacity=&#8221;1&#8243; column_shadow=&#8221;none&#8221; column_border_radius=&#8221;none&#8221; width=&#8221;1\/2&#8243; tablet_text_alignment=&#8221;default&#8221; phone_text_alignment=&#8221;default&#8221; column_border_width=&#8221;none&#8221; column_border_style=&#8221;solid&#8221;][vc_column_text]<strong>Disclaimer<br \/>\n<\/strong>Drum Conversation provides hypertext links to third-party websites not affiliated with Drum Conversation for the convenience of users only. By linking to these websites Drum Conversation in no way endorses the contents, views or information held on such sites.<\/p>\n<p><strong>Legal Notice<br \/>\n<\/strong>Content and structure of this website are protected by copyright. The duplication of information or data, in particular the use of text, text components or image material, requires the express consent of Drum Conversation.<\/p>\n<p>Drum Conversation is a registered word mark and figurative mark.<\/p>\n<p><strong>Photo credits<br \/>\n<\/strong>G\u00fcnter Wicker: Section \u201eAktive Tagungspausen\u201c (picture 1, 2 und 4)<br \/>\nAlibek K\u00e4sler: Section \u201eStartseite\u201c (Bild 1), Section \u201eInteraktive Shows\u201c (picture 5 und 6), Section \u201eHighlights\u201c (picture 1 bis 4)[\/vc_column_text][\/vc_column][\/vc_row]\n","protected":false},"excerpt":{"rendered":"<p>[vc_row type=&#8221;full_width_background&#8221; full_screen_row_position=&#8221;middle&#8221; bg_image=&#8221;6561&#8243; bg_position=&#8221;center center&#8221; bg_repeat=&#8221;no-repeat&#8221; parallax_bg=&#8221;true&#8221; parallax_bg_speed=&#8221;fast&#8221; scene_position=&#8221;center&#8221; text_color=&#8221;light&#8221; text_align=&#8221;left&#8221; top_padding=&#8221;13%&#8221; bottom_padding=&#8221;9%&#8221; overlay_strength=&#8221;0.3&#8243; shape_divider_position=&#8221;bottom&#8221; shape_type=&#8221;&#8221;][vc_column column_padding=&#8221;no-extra-padding&#8221; column_padding_position=&#8221;all&#8221; background_color_opacity=&#8221;1&#8243; background_hover_color_opacity=&#8221;1&#8243; column_shadow=&#8221;none&#8221; column_border_radius=&#8221;none&#8221; width=&#8221;1\/1&#8243; tablet_text_alignment=&#8221;default&#8221;&#8230;<\/p>\n","protected":false},"author":1,"featured_media":0,"parent":0,"menu_order":0,"comment_status":"closed","ping_status":"closed","template":"","meta":{"_exactmetrics_skip_tracking":false,"_exactmetrics_sitenote_active":false,"_exactmetrics_sitenote_note":"","_exactmetrics_sitenote_category":0},"yoast_head":"<!-- This site is optimized with the Yoast SEO plugin v21.8 - https:\/\/yoast.com\/wordpress\/plugins\/seo\/ -->\n<title>Drum Conversation - Impressum<\/title>\n<meta name=\"description\" content=\"Impressum: Verantwortlich f\u00fcr den Inhalt ist Uwe Grohn, Gesch\u00e4ftsf\u00fchrer Drum Conversation GbR Grohn \/ Seck Office: M\u00e4rker Stra\u00dfe 7, D-60437 Frankfurt Post: Postfach 56 02 45, D-60437 Frankfurt Tel. +49 (0) 61 01 \/ 55 82 60 Fax +49 (0) 61 01 \/ 55 82 61 info@drum-conversation.com\" \/>\n<meta name=\"robots\" content=\"index, follow, max-snippet:-1, max-image-preview:large, max-video-preview:-1\" \/>\n<link rel=\"canonical\" href=\"https:\/\/www.drum-conversation.com\/en\/imprint\/\" \/>\n<meta property=\"og:locale\" content=\"en_US\" \/>\n<meta property=\"og:type\" content=\"article\" \/>\n<meta property=\"og:title\" content=\"Drum Conversation - Impressum\" \/>\n<meta property=\"og:description\" content=\"Impressum: Verantwortlich f\u00fcr den Inhalt ist Uwe Grohn, Gesch\u00e4ftsf\u00fchrer Drum Conversation GbR Grohn \/ Seck Office: M\u00e4rker Stra\u00dfe 7, D-60437 Frankfurt Post: Postfach 56 02 45, D-60437 Frankfurt Tel. +49 (0) 61 01 \/ 55 82 60 Fax +49 (0) 61 01 \/ 55 82 61 info@drum-conversation.com\" \/>\n<meta property=\"og:url\" content=\"https:\/\/www.drum-conversation.com\/en\/imprint\/\" \/>\n<meta property=\"og:site_name\" content=\"Drum Conversation\" \/>\n<meta property=\"article:publisher\" content=\"https:\/\/www.facebook.com\/DrumConversation\" \/>\n<meta property=\"article:modified_time\" content=\"2018-11-27T15:01:55+00:00\" \/>\n<meta name=\"twitter:card\" content=\"summary_large_image\" \/>\n<meta name=\"twitter:label1\" content=\"Est. reading time\" \/>\n\t<meta name=\"twitter:data1\" content=\"2 minutes\" \/>\n<script type=\"application\/ld+json\" class=\"yoast-schema-graph\">{\"@context\":\"https:\/\/schema.org\",\"@graph\":[{\"@type\":\"WebPage\",\"@id\":\"https:\/\/www.drum-conversation.com\/en\/imprint\/\",\"url\":\"https:\/\/www.drum-conversation.com\/en\/imprint\/\",\"name\":\"Drum Conversation - Impressum\",\"isPartOf\":{\"@id\":\"https:\/\/www.drum-conversation.com\/en\/#website\"},\"datePublished\":\"2018-02-21T14:54:00+00:00\",\"dateModified\":\"2018-11-27T15:01:55+00:00\",\"description\":\"Impressum: Verantwortlich f\u00fcr den Inhalt ist Uwe Grohn, Gesch\u00e4ftsf\u00fchrer Drum Conversation GbR Grohn \/ Seck Office: M\u00e4rker Stra\u00dfe 7, D-60437 Frankfurt Post: Postfach 56 02 45, D-60437 Frankfurt Tel. +49 (0) 61 01 \/ 55 82 60 Fax +49 (0) 61 01 \/ 55 82 61 info@drum-conversation.com\",\"breadcrumb\":{\"@id\":\"https:\/\/www.drum-conversation.com\/en\/imprint\/#breadcrumb\"},\"inLanguage\":\"en-US\",\"potentialAction\":[{\"@type\":\"ReadAction\",\"target\":[\"https:\/\/www.drum-conversation.com\/en\/imprint\/\"]}]},{\"@type\":\"BreadcrumbList\",\"@id\":\"https:\/\/www.drum-conversation.com\/en\/imprint\/#breadcrumb\",\"itemListElement\":[{\"@type\":\"ListItem\",\"position\":1,\"name\":\"Startseite\",\"item\":\"https:\/\/www.drum-conversation.com\/en\/\"},{\"@type\":\"ListItem\",\"position\":2,\"name\":\"Imprint\"}]},{\"@type\":\"WebSite\",\"@id\":\"https:\/\/www.drum-conversation.com\/en\/#website\",\"url\":\"https:\/\/www.drum-conversation.com\/en\/\",\"name\":\"Drum Conversation\",\"description\":\"Interactive Drum Events und Drum Workshops\",\"publisher\":{\"@id\":\"https:\/\/www.drum-conversation.com\/en\/#organization\"},\"potentialAction\":[{\"@type\":\"SearchAction\",\"target\":{\"@type\":\"EntryPoint\",\"urlTemplate\":\"https:\/\/www.drum-conversation.com\/en\/?s={search_term_string}\"},\"query-input\":\"required name=search_term_string\"}],\"inLanguage\":\"en-US\"},{\"@type\":\"Organization\",\"@id\":\"https:\/\/www.drum-conversation.com\/en\/#organization\",\"name\":\"Drum Conversation\",\"url\":\"https:\/\/www.drum-conversation.com\/en\/\",\"logo\":{\"@type\":\"ImageObject\",\"inLanguage\":\"en-US\",\"@id\":\"https:\/\/www.drum-conversation.com\/en\/#\/schema\/logo\/image\/\",\"url\":\"https:\/\/www.drum-conversation.com\/wp-content\/uploads\/2018\/04\/dc_logo_marke.png\",\"contentUrl\":\"https:\/\/www.drum-conversation.com\/wp-content\/uploads\/2018\/04\/dc_logo_marke.png\",\"width\":392,\"height\":76,\"caption\":\"Drum Conversation\"},\"image\":{\"@id\":\"https:\/\/www.drum-conversation.com\/en\/#\/schema\/logo\/image\/\"},\"sameAs\":[\"https:\/\/www.facebook.com\/DrumConversation\",\"https:\/\/www.youtube.com\/channel\/UCYSB2vxE1OAA3vzSRTIdvVA\"],\"aggregateRating\":{\"@type\":\"AggregateRating\",\"ratingValue\":\"5\",\"reviewCount\":\"43\"}}]}<\/script>\n<!-- \/ Yoast SEO plugin. -->","yoast_head_json":{"title":"Drum Conversation - Impressum","description":"Impressum: Verantwortlich f\u00fcr den Inhalt ist Uwe Grohn, Gesch\u00e4ftsf\u00fchrer Drum Conversation GbR Grohn \/ Seck Office: M\u00e4rker Stra\u00dfe 7, D-60437 Frankfurt Post: Postfach 56 02 45, D-60437 Frankfurt Tel. +49 (0) 61 01 \/ 55 82 60 Fax +49 (0) 61 01 \/ 55 82 61 info@drum-conversation.com","robots":{"index":"index","follow":"follow","max-snippet":"max-snippet:-1","max-image-preview":"max-image-preview:large","max-video-preview":"max-video-preview:-1"},"canonical":"https:\/\/www.drum-conversation.com\/en\/imprint\/","og_locale":"en_US","og_type":"article","og_title":"Drum Conversation - Impressum","og_description":"Impressum: Verantwortlich f\u00fcr den Inhalt ist Uwe Grohn, Gesch\u00e4ftsf\u00fchrer Drum Conversation GbR Grohn \/ Seck Office: M\u00e4rker Stra\u00dfe 7, D-60437 Frankfurt Post: Postfach 56 02 45, D-60437 Frankfurt Tel. +49 (0) 61 01 \/ 55 82 60 Fax +49 (0) 61 01 \/ 55 82 61 info@drum-conversation.com","og_url":"https:\/\/www.drum-conversation.com\/en\/imprint\/","og_site_name":"Drum Conversation","article_publisher":"https:\/\/www.facebook.com\/DrumConversation","article_modified_time":"2018-11-27T15:01:55+00:00","twitter_card":"summary_large_image","twitter_misc":{"Est. reading time":"2 minutes"},"schema":{"@context":"https:\/\/schema.org","@graph":[{"@type":"WebPage","@id":"https:\/\/www.drum-conversation.com\/en\/imprint\/","url":"https:\/\/www.drum-conversation.com\/en\/imprint\/","name":"Drum Conversation - Impressum","isPartOf":{"@id":"https:\/\/www.drum-conversation.com\/en\/#website"},"datePublished":"2018-02-21T14:54:00+00:00","dateModified":"2018-11-27T15:01:55+00:00","description":"Impressum: Verantwortlich f\u00fcr den Inhalt ist Uwe Grohn, Gesch\u00e4ftsf\u00fchrer Drum Conversation GbR Grohn \/ Seck Office: M\u00e4rker Stra\u00dfe 7, D-60437 Frankfurt Post: Postfach 56 02 45, D-60437 Frankfurt Tel. +49 (0) 61 01 \/ 55 82 60 Fax +49 (0) 61 01 \/ 55 82 61 info@drum-conversation.com","breadcrumb":{"@id":"https:\/\/www.drum-conversation.com\/en\/imprint\/#breadcrumb"},"inLanguage":"en-US","potentialAction":[{"@type":"ReadAction","target":["https:\/\/www.drum-conversation.com\/en\/imprint\/"]}]},{"@type":"BreadcrumbList","@id":"https:\/\/www.drum-conversation.com\/en\/imprint\/#breadcrumb","itemListElement":[{"@type":"ListItem","position":1,"name":"Startseite","item":"https:\/\/www.drum-conversation.com\/en\/"},{"@type":"ListItem","position":2,"name":"Imprint"}]},{"@type":"WebSite","@id":"https:\/\/www.drum-conversation.com\/en\/#website","url":"https:\/\/www.drum-conversation.com\/en\/","name":"Drum Conversation","description":"Interactive Drum Events und Drum Workshops","publisher":{"@id":"https:\/\/www.drum-conversation.com\/en\/#organization"},"potentialAction":[{"@type":"SearchAction","target":{"@type":"EntryPoint","urlTemplate":"https:\/\/www.drum-conversation.com\/en\/?s={search_term_string}"},"query-input":"required name=search_term_string"}],"inLanguage":"en-US"},{"@type":"Organization","@id":"https:\/\/www.drum-conversation.com\/en\/#organization","name":"Drum Conversation","url":"https:\/\/www.drum-conversation.com\/en\/","logo":{"@type":"ImageObject","inLanguage":"en-US","@id":"https:\/\/www.drum-conversation.com\/en\/#\/schema\/logo\/image\/","url":"https:\/\/www.drum-conversation.com\/wp-content\/uploads\/2018\/04\/dc_logo_marke.png","contentUrl":"https:\/\/www.drum-conversation.com\/wp-content\/uploads\/2018\/04\/dc_logo_marke.png","width":392,"height":76,"caption":"Drum Conversation"},"image":{"@id":"https:\/\/www.drum-conversation.com\/en\/#\/schema\/logo\/image\/"},"sameAs":["https:\/\/www.facebook.com\/DrumConversation","https:\/\/www.youtube.com\/channel\/UCYSB2vxE1OAA3vzSRTIdvVA"],"aggregateRating":{"@type":"AggregateRating","ratingValue":"5","reviewCount":"43"}}]}},"_links":{"self":[{"href":"https:\/\/www.drum-conversation.com\/en\/wp-json\/wp\/v2\/pages\/8019"}],"collection":[{"href":"https:\/\/www.drum-conversation.com\/en\/wp-json\/wp\/v2\/pages"}],"about":[{"href":"https:\/\/www.drum-conversation.com\/en\/wp-json\/wp\/v2\/types\/page"}],"author":[{"embeddable":true,"href":"https:\/\/www.drum-conversation.com\/en\/wp-json\/wp\/v2\/users\/1"}],"replies":[{"embeddable":true,"href":"https:\/\/www.drum-conversation.com\/en\/wp-json\/wp\/v2\/comments?post=8019"}],"version-history":[{"count":6,"href":"https:\/\/www.drum-conversation.com\/en\/wp-json\/wp\/v2\/pages\/8019\/revisions"}],"predecessor-version":[{"id":8095,"href":"https:\/\/www.drum-conversation.com\/en\/wp-json\/wp\/v2\/pages\/8019\/revisions\/8095"}],"wp:attachment":[{"href":"https:\/\/www.drum-conversation.com\/en\/wp-json\/wp\/v2\/media?parent=8019"}],"curies":[{"name":"wp","href":"https:\/\/api.w.org\/{rel}","templated":true}]}}